{"id":1423,"date":"2023-07-26T14:17:33","date_gmt":"2023-07-26T13:17:33","guid":{"rendered":"https:\/\/ventacid.ch\/?page_id=1423"},"modified":"2023-07-26T14:53:24","modified_gmt":"2023-07-26T13:53:24","slug":"datenschutzerklaerung","status":"publish","type":"page","link":"https:\/\/ventacid.ch\/fr\/datenschutzerklaerung\/","title":{"rendered":"Datenschutzerkl\u00e4rung"},"content":{"rendered":"<div data-elementor-type=\"wp-page\" data-elementor-id=\"1423\" class=\"elementor elementor-1423\" data-elementor-post-type=\"page\">\n\t\t\t\t\t\t<section class=\"elementor-section elementor-top-section elementor-element elementor-element-321b2cc elementor-section-height-min-height elementor-section-boxed elementor-section-height-default elementor-section-items-middle\" data-id=\"321b2cc\" data-element_type=\"section\" data-e-type=\"section\" data-settings=\"{&quot;jet_parallax_layout_list&quot;:[],&quot;background_background&quot;:&quot;classic&quot;}\">\n\t\t\t\t\t\t<div class=\"elementor-container elementor-column-gap-default\">\n\t\t\t\t\t<div class=\"elementor-column elementor-col-100 elementor-top-column elementor-element elementor-element-74defeb\" data-id=\"74defeb\" data-element_type=\"column\" data-e-type=\"column\">\n\t\t\t<div class=\"elementor-widget-wrap elementor-element-populated\">\n\t\t\t\t\t\t<div class=\"elementor-element elementor-element-100c7df elementor-widget elementor-widget-heading\" data-id=\"100c7df\" data-element_type=\"widget\" data-e-type=\"widget\" data-widget_type=\"heading.default\">\n\t\t\t\t<div class=\"elementor-widget-container\">\n\t\t\t\t\t<h1 class=\"elementor-heading-title elementor-size-default\">Datenschutzerkl\u00e4rung<\/h1>\t\t\t\t<\/div>\n\t\t\t\t<\/div>\n\t\t\t\t\t<\/div>\n\t\t<\/div>\n\t\t\t\t\t<\/div>\n\t\t<\/section>\n\t\t\t\t<section class=\"elementor-section elementor-top-section elementor-element elementor-element-225d92f elementor-section-boxed elementor-section-height-default elementor-section-height-default\" data-id=\"225d92f\" data-element_type=\"section\" data-e-type=\"section\" data-settings=\"{&quot;jet_parallax_layout_list&quot;:[]}\">\n\t\t\t\t\t\t<div class=\"elementor-container elementor-column-gap-default\">\n\t\t\t\t\t<div class=\"elementor-column elementor-col-100 elementor-top-column elementor-element elementor-element-8111c0c\" data-id=\"8111c0c\" data-element_type=\"column\" data-e-type=\"column\">\n\t\t\t<div class=\"elementor-widget-wrap elementor-element-populated\">\n\t\t\t\t\t\t<div class=\"elementor-element elementor-element-16aae96 elementor-widget elementor-widget-text-editor\" data-id=\"16aae96\" data-element_type=\"widget\" data-e-type=\"widget\" data-widget_type=\"text-editor.default\">\n\t\t\t\t<div class=\"elementor-widget-container\">\n\t\t\t\t\t\t\t\t\t<h1><span style=\"color: inherit; font-family: inherit; font-size: 1.75rem;\">Worum es geht?<\/span><\/h1><p>Wir beschaffen in unserem Gesch\u00e4ft diverse Personendaten<sup>1<\/sup>. Hier informieren wir Sie wie im Datenschutzgesetz vorgeschrieben.<\/p><p>\u00a0<\/p><h3>Wer wir sind?<\/h3><p>Das sind wir und unsere Kontaktdaten:<\/p><p>Ventacid AG<br \/>Bahnhofstrasse 45<br \/>3185 Schmitten<\/p><p>Tel 033 438 80 00<br \/><a href=\"mailto:info@ventacid.ch\">info@ventacid.ch<\/a><\/p><p>\u00a0<\/p><h3>Welche Personendaten beschaffen wir?<\/h3><p>Neben den Angaben, die Sie selbst uns mitteilen (durch das, was Sie uns sagen und was Sie bei uns tun2), kann es sein, dass wir auch bei Drittquellen Angaben \u00fcber Sie beschaffen, n\u00e4mlich:<\/p><ul><li>Sie betreffende Angaben eines <strong>Kunden<\/strong> oder Ihres <strong>Arbeitgebers,<\/strong> mit dem wir zu tun haben (z.B. Ihre Kontaktangaben)<\/li><li><strong>Bonit\u00e4tsausk\u00fcnfte,<\/strong> R\u00e9f\u00e9rences<\/li><li>Sie betreffende <strong>Auftr\u00e4ge,<\/strong> die wir von Dritten erhalten (z.B. wenn wir Ihnen etwas liefern oder f\u00fcr Sie tun sollen)<\/li><li><strong>Belege,<\/strong> die Sie betreffen, Vollmachten<\/li><li>Ausz\u00fcge staatlicher <strong>Register<\/strong> (z.B. HR)<\/li><li>Angaben aus <strong>rechtlichen Verfahren<\/strong>, in denen Sie vorkommen; Zeugenaussagen<\/li><li><strong>Empfehlungen<\/strong>\/Hinweise Dritter auf Sie<\/li><li>Ihre <strong>Social-Media\/Online-<\/strong>Aktivit\u00e4ten<\/li><li><strong>Publikationen,<\/strong> in denen Sie vorkommen<\/li><\/ul><h3>\u00a0<\/h3><h3>Gehen Personendaten ins Ausland?<\/h3><p>Nein, das ist nicht geplant.<\/p><p>\u00a0<\/p><h3>Wozu beschaffen wir Personendaten?<\/h3><p>Wir tun das f\u00fcr folgende Zwecke (nebst denen, die wir Ihnen separat mitteilen):<\/p><ul><li><b>Kommunikation<\/b> mit Ihnen<\/li><li><b>Vertragsabschluss\/-abwicklung<\/b> mit Ihnen (ggf. inkl. zwecks Besch\u00e4ftigung), Ihrem Arbeitgeber und Kunden<\/li><li>Betrieb der <b>Infrastruktur,<\/b> Website, App<\/li><li><b>Marketing<\/b> (z.B. Mailings, mit Abmelde-Link\/Option, Anl\u00e4sse), Beziehungspflege<\/li><li><b>Marktanalysen,<\/b> Planung, Entwicklung von Produkten &amp; Dienstleistungen, F&amp;E<\/li><\/ul><h3>\u00a0<\/h3><h3>Wem geben wir Personendaten bekannt?<\/h3><ul><li><b>Gruppengesellschaften<\/b> (vgl. Website)<\/li><li><b>Dienstleister<\/b> (die Ihre Daten teils in unserem Auftrag bearbeiten wie z.B. IT-Provider, teils in eigener Verantwortung bearbeiten wie z.B. Versicherungen)<\/li><li><b>Beh\u00f6rden<\/b> im In- und ggf. Ausland<\/li><li><b>Gesch\u00e4ftspartner<\/b> wie z.B. Lieferanten, Kunden, Marketing- und Projektpartner<\/li><li><b>Dritte, <\/b>die via Website\/App Daten \u00fcber Sie erheben (vgl. Liste auf der Website)<sup>3<\/sup><\/li><\/ul><h3>\u00a0<\/h3><h3>Ihre Rechte<\/h3><p>Dazu geh\u00f6rt u.a. das <b>Auskunftsrecht,<\/b> das Recht auf Korrektur falscher Daten und ein Widerspruchsrecht. Schreiben Sie uns!<\/p><p>\u00a0<\/p><p><sup>1<\/sup> Ihre Personendaten sind alle Angaben, die sich auf Sie beziehen und Sie direkt oder indirekt (z.B. via Internet) identifizieren k\u00f6nnen (z.B. Name, E- Mail-Adresse, Telefonnummer, Bild, je nachdem Ihr Profil).<\/p><p><sup>2<\/sup> Surfen Sie unsere Website an, wird z.B. automatisch Ihre IP-Adresse, Ihr Browser-Typ, die Adresse, von welcher Sie verwiesen wurden, mitgeteilt.<\/p><p><sup>3<\/sup> Auf Websites und Apps werden Sie ggf. mit sog. Cookies und \u00e4hnlichen Techniken bei Ihrer Nutzung wiedererkannt und getrackt. Sie k\u00f6nnen diese Cookies in Ihrem Browser einschr\u00e4nken, blockieren und l\u00f6schen (siehe die entsprechenden Men\u00fcs) und dieses Tracking tw. auch auf der Website oder in der App selbst steuern. Weitere Infos z.B. <a href=\"https:\/\/bit.ly\/3z7ioOA.\" target=\"_blank\" rel=\"noopener\">https:\/\/bit.ly\/3z7ioOA.<\/a><\/p>\t\t\t\t\t\t\t\t<\/div>\n\t\t\t\t<\/div>\n\t\t\t\t\t<\/div>\n\t\t<\/div>\n\t\t\t\t\t<\/div>\n\t\t<\/section>\n\t\t\t\t<\/div>","protected":false},"excerpt":{"rendered":"<p>Worum es geht? Wir beschaffen in unserem Gesch\u00e4ft diverse Personendaten1. Hier informieren wir Sie wie im Datenschutzgesetz vorgeschrieben. \u00a0 Wer wir sind? Das sind wir und unsere Kontaktdaten: Ventacid AGBahnhofstrasse 453185 Schmitten Tel 033 438 80 00info@ventacid.ch \u00a0 Welche Personendaten beschaffen wir? Neben den Angaben, die Sie selbst uns mitteilen (durch das, was Sie uns [&hellip;]<\/p>\n","protected":false},"author":1,"featured_media":0,"parent":0,"menu_order":0,"comment_status":"closed","ping_status":"closed","template":"elementor_header_footer","meta":{"footnotes":""},"class_list":["post-1423","page","type-page","status-publish","hentry"],"_links":{"self":[{"href":"https:\/\/ventacid.ch\/fr\/wp-json\/wp\/v2\/pages\/1423","targetHints":{"allow":["GET"]}}],"collection":[{"href":"https:\/\/ventacid.ch\/fr\/wp-json\/wp\/v2\/pages"}],"about":[{"href":"https:\/\/ventacid.ch\/fr\/wp-json\/wp\/v2\/types\/page"}],"author":[{"embeddable":true,"href":"https:\/\/ventacid.ch\/fr\/wp-json\/wp\/v2\/users\/1"}],"replies":[{"embeddable":true,"href":"https:\/\/ventacid.ch\/fr\/wp-json\/wp\/v2\/comments?post=1423"}],"version-history":[{"count":10,"href":"https:\/\/ventacid.ch\/fr\/wp-json\/wp\/v2\/pages\/1423\/revisions"}],"predecessor-version":[{"id":1439,"href":"https:\/\/ventacid.ch\/fr\/wp-json\/wp\/v2\/pages\/1423\/revisions\/1439"}],"wp:attachment":[{"href":"https:\/\/ventacid.ch\/fr\/wp-json\/wp\/v2\/media?parent=1423"}],"curies":[{"name":"wp","href":"https:\/\/api.w.org\/{rel}","templated":true}]}}